{"id":8555,"date":"2023-07-23T11:03:27","date_gmt":"2023-07-23T09:03:27","guid":{"rendered":"https:\/\/skiverband-rheinland.de\/?page_id=8555"},"modified":"2023-07-24T11:14:32","modified_gmt":"2023-07-24T09:14:32","slug":"150-jahre-idarer-tv","status":"publish","type":"page","link":"https:\/\/skiverband-rheinland.de\/wp\/150-jahre-idarer-tv\/","title":{"rendered":"150 Jahre Idarer TV"},"content":{"rendered":"<h4 style=\"margin-top: -5px;\">Ein Verein schreibt Geschichte<\/h4>\n<ul style=\"margin-top: -15px; margin-left: -15px;\">\n<li>12. Dez. 1931 &#8211; Gr\u00fcndung der Skiabteilung<\/li>\n<li>1953 &#8211; erster Lift am Erbeskopf<\/li>\n<li>1954 &#8211; G\u00fcnther Ruppenthal, erster lizensierter \u00dcbungsleiter<\/li>\n<li>50er Jahre &#8211; Eberhard Falz bildet als Landeslehrwart \u00dcbungsleiter aus<\/li>\n<li>1969 &#8211; Anschaffung einer &#8220;Wedelsimulators&#8221;<\/li>\n<li>1970 &#8211; Anschaffung eines &#8220;transportablen&#8221; Lifts (Rucksacklift)<\/li>\n<li>Anschaffung von &#8220;Big-Foots&#8221;, &#8220;Monoski&#8221;, &#8220;Grasski&#8221;<\/li>\n<li>in den 90er Jahren Erweiterung des Programms mit Snowboard<\/li>\n<li>1981 &#8211; Gr\u00fcndung der Vereinsskischule<\/li>\n<li>\n<div>1985 &#8211; Skifreizeit in Kaprun mit 173 Teilnehmern &#8211; Gletscherskilauf war beliebt<\/div>\n<\/li>\n<li>\n<div>1995 &#8211; Cora Scherer beendet die Saison mit Platz 4 in der Deutschland Cup Gesamtwertung<\/div>\n<\/li>\n<li>\n<div>2006 &#8211; 75 Jahr-Feier der Skiabteilung &#8211; Ehrung mit der goldenen Vereinsplakette durch den Skiverband Rheinland<\/div>\n<\/li>\n<li>\n<div>2022 &#8211; 30. Jubil\u00e4um der Familienfreizeit nach Gro\u00dfarl<\/div>\n<\/li>\n<li>\n<div>2022 &#8211; ITV-Mitglied Joachim Klein wird in Idar-Oberstein zum Pr\u00e4sidenten des Skiverbandes Rheinland gew\u00e4hlt<\/div>\n<\/li>\n<li>\n<div>2023 &#8211; Justus Cullmann Platz belegt Platz 1 bei den Junioren in der ARGE Westdeutscher Skiverb\u00e4nde<\/div>\n<\/li>\n<\/ul>\n<p>Sehen Sie sich hier den Ausschnitt aus der Festschrift an<br \/>\n<a href=\"https:\/\/skiverband-rheinland.de\/wp-content\/uploads\/2023\/07\/idtv_150jahre_ski.pdf\" target=\"_blank\" rel=\"noopener\">Idarer TV &#8211; 150 Jahre Ski<\/a><\/p>\n<p><img loading=\"lazy\" decoding=\"async\" class=\"alignnone wp-image-8560 size-medium\" src=\"https:\/\/skiverband-rheinland.de\/wp-content\/uploads\/2023\/07\/idtv_150jahre-300x205.jpg\" alt=\"\" width=\"300\" height=\"205\" \/><\/p>\n","protected":false},"excerpt":{"rendered":"<p>Ein Verein schreibt Geschichte 12. Dez. 1931 &#8211; Gr\u00fcndung der Skiabteilung 1953 &#8211; erster Lift am Erbeskopf 1954 &#8211; G\u00fcnther Ruppenthal, erster lizensierter \u00dcbungsleiter 50er Jahre &#8211; Eberhard Falz bildet als Landeslehrwart \u00dcbungsleiter aus 1969 &#8211; Anschaffung einer &#8220;Wedelsimulators&#8221; 1970<span class=\"ellipsis\">&hellip;<\/span><\/p>\n<div class=\"read-more\"><a href=\"https:\/\/skiverband-rheinland.de\/wp\/150-jahre-idarer-tv\/\">Weiterlesen &#8250;<\/a><\/div>\n<p><!-- end of .read-more --><\/p>\n","protected":false},"author":1,"featured_media":0,"parent":0,"menu_order":0,"comment_status":"closed","ping_status":"closed","template":"","meta":{"ngg_post_thumbnail":0,"footnotes":""},"class_list":["post-8555","page","type-page","status-publish","hentry"],"yoast_head":"<!-- This site is optimized with the Yoast SEO plugin v27.4 - https:\/\/yoast.com\/product\/yoast-seo-wordpress\/ -->\n<title>150 Jahre Idarer TV - Skiverband Rheinland.e.V.<\/title>\n<meta name=\"description\" content=\"Der Skiverband Rheinland bildet C-Trainer (fr\u00fcher Grundstufe) und B-Trainer (Instructor) aus und fort. Lehrkr\u00e4fte ben\u00f6igen zum Erhalt der Lizenz regelm\u00e4\u00dfige Fortbildungen. Im DSV Ausbildungszentrum Nordic-Aktiv werden die Disziplinen Ski-Langlauf, Nordic-Walking, Nordic-Blading\/Ski-Inline und Snowshoeing aus- und fortgebildet. Wettk\u00e4mpfe werden f\u00fcr Ski-alpin, Ski-Langlauf, Skiroller und Biathlon ausgerichtet\" \/>\n<meta name=\"robots\" content=\"index, follow, max-snippet:-1, max-image-preview:large, max-video-preview:-1\" \/>\n<link rel=\"canonical\" href=\"https:\/\/skiverband-rheinland.de\/wp\/150-jahre-idarer-tv\/\" \/>\n<meta property=\"og:locale\" content=\"de_DE\" \/>\n<meta property=\"og:type\" content=\"article\" \/>\n<meta property=\"og:title\" content=\"150 Jahre Idarer TV - Skiverband Rheinland.e.V.\" \/>\n<meta property=\"og:description\" content=\"Der Skiverband Rheinland bildet C-Trainer (fr\u00fcher Grundstufe) und B-Trainer (Instructor) aus und fort. Lehrkr\u00e4fte ben\u00f6igen zum Erhalt der Lizenz regelm\u00e4\u00dfige Fortbildungen. Im DSV Ausbildungszentrum Nordic-Aktiv werden die Disziplinen Ski-Langlauf, Nordic-Walking, Nordic-Blading\/Ski-Inline und Snowshoeing aus- und fortgebildet. Wettk\u00e4mpfe werden f\u00fcr Ski-alpin, Ski-Langlauf, Skiroller und Biathlon ausgerichtet\" \/>\n<meta property=\"og:url\" content=\"https:\/\/skiverband-rheinland.de\/wp\/150-jahre-idarer-tv\/\" \/>\n<meta property=\"og:site_name\" content=\"Skiverband Rheinland.e.V.\" \/>\n<meta property=\"article:modified_time\" content=\"2023-07-24T09:14:32+00:00\" \/>\n<meta property=\"og:image\" content=\"https:\/\/skiverband-rheinland.de\/wp-content\/uploads\/2023\/07\/idtv_150jahre-300x205.jpg\" \/>\n<meta name=\"twitter:card\" content=\"summary_large_image\" \/>\n<meta name=\"twitter:label1\" content=\"Gesch\u00e4tzte Lesezeit\" \/>\n\t<meta name=\"twitter:data1\" content=\"1\u00a0Minute\" \/>\n<script type=\"application\/ld+json\" class=\"yoast-schema-graph\">{\"@context\":\"https:\\\/\\\/schema.org\",\"@graph\":[{\"@type\":\"WebPage\",\"@id\":\"https:\\\/\\\/skiverband-rheinland.de\\\/wp\\\/150-jahre-idarer-tv\\\/\",\"url\":\"https:\\\/\\\/skiverband-rheinland.de\\\/wp\\\/150-jahre-idarer-tv\\\/\",\"name\":\"150 Jahre Idarer TV - Skiverband Rheinland.e.V.\",\"isPartOf\":{\"@id\":\"https:\\\/\\\/skiverband-rheinland.de\\\/wp\\\/#website\"},\"primaryImageOfPage\":{\"@id\":\"https:\\\/\\\/skiverband-rheinland.de\\\/wp\\\/150-jahre-idarer-tv\\\/#primaryimage\"},\"image\":{\"@id\":\"https:\\\/\\\/skiverband-rheinland.de\\\/wp\\\/150-jahre-idarer-tv\\\/#primaryimage\"},\"thumbnailUrl\":\"https:\\\/\\\/skiverband-rheinland.de\\\/wp-content\\\/uploads\\\/2023\\\/07\\\/idtv_150jahre-300x205.jpg\",\"datePublished\":\"2023-07-23T09:03:27+00:00\",\"dateModified\":\"2023-07-24T09:14:32+00:00\",\"description\":\"Der Skiverband Rheinland bildet C-Trainer (fr\u00fcher Grundstufe) und B-Trainer (Instructor) aus und fort. Lehrkr\u00e4fte ben\u00f6igen zum Erhalt der Lizenz regelm\u00e4\u00dfige Fortbildungen. Im DSV Ausbildungszentrum Nordic-Aktiv werden die Disziplinen Ski-Langlauf, Nordic-Walking, Nordic-Blading\\\/Ski-Inline und Snowshoeing aus- und fortgebildet. Wettk\u00e4mpfe werden f\u00fcr Ski-alpin, Ski-Langlauf, Skiroller und Biathlon ausgerichtet\",\"breadcrumb\":{\"@id\":\"https:\\\/\\\/skiverband-rheinland.de\\\/wp\\\/150-jahre-idarer-tv\\\/#breadcrumb\"},\"inLanguage\":\"de\",\"potentialAction\":[{\"@type\":\"ReadAction\",\"target\":[\"https:\\\/\\\/skiverband-rheinland.de\\\/wp\\\/150-jahre-idarer-tv\\\/\"]}]},{\"@type\":\"ImageObject\",\"inLanguage\":\"de\",\"@id\":\"https:\\\/\\\/skiverband-rheinland.de\\\/wp\\\/150-jahre-idarer-tv\\\/#primaryimage\",\"url\":\"\",\"contentUrl\":\"\"},{\"@type\":\"BreadcrumbList\",\"@id\":\"https:\\\/\\\/skiverband-rheinland.de\\\/wp\\\/150-jahre-idarer-tv\\\/#breadcrumb\",\"itemListElement\":[{\"@type\":\"ListItem\",\"position\":1,\"name\":\"Startseite\",\"item\":\"https:\\\/\\\/skiverband-rheinland.de\\\/wp\\\/\"},{\"@type\":\"ListItem\",\"position\":2,\"name\":\"150 Jahre Idarer TV\"}]},{\"@type\":\"WebSite\",\"@id\":\"https:\\\/\\\/skiverband-rheinland.de\\\/wp\\\/#website\",\"url\":\"https:\\\/\\\/skiverband-rheinland.de\\\/wp\\\/\",\"name\":\"Skiverband Rheinland.e.V.\",\"description\":\"\",\"potentialAction\":[{\"@type\":\"SearchAction\",\"target\":{\"@type\":\"EntryPoint\",\"urlTemplate\":\"https:\\\/\\\/skiverband-rheinland.de\\\/wp\\\/?s={search_term_string}\"},\"query-input\":{\"@type\":\"PropertyValueSpecification\",\"valueRequired\":true,\"valueName\":\"search_term_string\"}}],\"inLanguage\":\"de\"}]}<\/script>\n<!-- \/ Yoast SEO plugin. -->","yoast_head_json":{"title":"150 Jahre Idarer TV - Skiverband Rheinland.e.V.","description":"Der Skiverband Rheinland bildet C-Trainer (fr\u00fcher Grundstufe) und B-Trainer (Instructor) aus und fort. Lehrkr\u00e4fte ben\u00f6igen zum Erhalt der Lizenz regelm\u00e4\u00dfige Fortbildungen. Im DSV Ausbildungszentrum Nordic-Aktiv werden die Disziplinen Ski-Langlauf, Nordic-Walking, Nordic-Blading\/Ski-Inline und Snowshoeing aus- und fortgebildet. Wettk\u00e4mpfe werden f\u00fcr Ski-alpin, Ski-Langlauf, Skiroller und Biathlon ausgerichtet","robots":{"index":"index","follow":"follow","max-snippet":"max-snippet:-1","max-image-preview":"max-image-preview:large","max-video-preview":"max-video-preview:-1"},"canonical":"https:\/\/skiverband-rheinland.de\/wp\/150-jahre-idarer-tv\/","og_locale":"de_DE","og_type":"article","og_title":"150 Jahre Idarer TV - Skiverband Rheinland.e.V.","og_description":"Der Skiverband Rheinland bildet C-Trainer (fr\u00fcher Grundstufe) und B-Trainer (Instructor) aus und fort. Lehrkr\u00e4fte ben\u00f6igen zum Erhalt der Lizenz regelm\u00e4\u00dfige Fortbildungen. Im DSV Ausbildungszentrum Nordic-Aktiv werden die Disziplinen Ski-Langlauf, Nordic-Walking, Nordic-Blading\/Ski-Inline und Snowshoeing aus- und fortgebildet. Wettk\u00e4mpfe werden f\u00fcr Ski-alpin, Ski-Langlauf, Skiroller und Biathlon ausgerichtet","og_url":"https:\/\/skiverband-rheinland.de\/wp\/150-jahre-idarer-tv\/","og_site_name":"Skiverband Rheinland.e.V.","article_modified_time":"2023-07-24T09:14:32+00:00","og_image":[{"url":"https:\/\/skiverband-rheinland.de\/wp-content\/uploads\/2023\/07\/idtv_150jahre-300x205.jpg","type":"","width":"","height":""}],"twitter_card":"summary_large_image","twitter_misc":{"Gesch\u00e4tzte Lesezeit":"1\u00a0Minute"},"schema":{"@context":"https:\/\/schema.org","@graph":[{"@type":"WebPage","@id":"https:\/\/skiverband-rheinland.de\/wp\/150-jahre-idarer-tv\/","url":"https:\/\/skiverband-rheinland.de\/wp\/150-jahre-idarer-tv\/","name":"150 Jahre Idarer TV - Skiverband Rheinland.e.V.","isPartOf":{"@id":"https:\/\/skiverband-rheinland.de\/wp\/#website"},"primaryImageOfPage":{"@id":"https:\/\/skiverband-rheinland.de\/wp\/150-jahre-idarer-tv\/#primaryimage"},"image":{"@id":"https:\/\/skiverband-rheinland.de\/wp\/150-jahre-idarer-tv\/#primaryimage"},"thumbnailUrl":"https:\/\/skiverband-rheinland.de\/wp-content\/uploads\/2023\/07\/idtv_150jahre-300x205.jpg","datePublished":"2023-07-23T09:03:27+00:00","dateModified":"2023-07-24T09:14:32+00:00","description":"Der Skiverband Rheinland bildet C-Trainer (fr\u00fcher Grundstufe) und B-Trainer (Instructor) aus und fort. Lehrkr\u00e4fte ben\u00f6igen zum Erhalt der Lizenz regelm\u00e4\u00dfige Fortbildungen. Im DSV Ausbildungszentrum Nordic-Aktiv werden die Disziplinen Ski-Langlauf, Nordic-Walking, Nordic-Blading\/Ski-Inline und Snowshoeing aus- und fortgebildet. Wettk\u00e4mpfe werden f\u00fcr Ski-alpin, Ski-Langlauf, Skiroller und Biathlon ausgerichtet","breadcrumb":{"@id":"https:\/\/skiverband-rheinland.de\/wp\/150-jahre-idarer-tv\/#breadcrumb"},"inLanguage":"de","potentialAction":[{"@type":"ReadAction","target":["https:\/\/skiverband-rheinland.de\/wp\/150-jahre-idarer-tv\/"]}]},{"@type":"ImageObject","inLanguage":"de","@id":"https:\/\/skiverband-rheinland.de\/wp\/150-jahre-idarer-tv\/#primaryimage","url":"","contentUrl":""},{"@type":"BreadcrumbList","@id":"https:\/\/skiverband-rheinland.de\/wp\/150-jahre-idarer-tv\/#breadcrumb","itemListElement":[{"@type":"ListItem","position":1,"name":"Startseite","item":"https:\/\/skiverband-rheinland.de\/wp\/"},{"@type":"ListItem","position":2,"name":"150 Jahre Idarer TV"}]},{"@type":"WebSite","@id":"https:\/\/skiverband-rheinland.de\/wp\/#website","url":"https:\/\/skiverband-rheinland.de\/wp\/","name":"Skiverband Rheinland.e.V.","description":"","potentialAction":[{"@type":"SearchAction","target":{"@type":"EntryPoint","urlTemplate":"https:\/\/skiverband-rheinland.de\/wp\/?s={search_term_string}"},"query-input":{"@type":"PropertyValueSpecification","valueRequired":true,"valueName":"search_term_string"}}],"inLanguage":"de"}]}},"_links":{"self":[{"href":"https:\/\/skiverband-rheinland.de\/wp\/wp-json\/wp\/v2\/pages\/8555","targetHints":{"allow":["GET"]}}],"collection":[{"href":"https:\/\/skiverband-rheinland.de\/wp\/wp-json\/wp\/v2\/pages"}],"about":[{"href":"https:\/\/skiverband-rheinland.de\/wp\/wp-json\/wp\/v2\/types\/page"}],"author":[{"embeddable":true,"href":"https:\/\/skiverband-rheinland.de\/wp\/wp-json\/wp\/v2\/users\/1"}],"replies":[{"embeddable":true,"href":"https:\/\/skiverband-rheinland.de\/wp\/wp-json\/wp\/v2\/comments?post=8555"}],"version-history":[{"count":0,"href":"https:\/\/skiverband-rheinland.de\/wp\/wp-json\/wp\/v2\/pages\/8555\/revisions"}],"wp:attachment":[{"href":"https:\/\/skiverband-rheinland.de\/wp\/wp-json\/wp\/v2\/media?parent=8555"}],"curies":[{"name":"wp","href":"https:\/\/api.w.org\/{rel}","templated":true}]}}